{"id":276,"date":"2021-12-12T20:12:35","date_gmt":"2021-12-12T20:12:35","guid":{"rendered":"http:\/\/infococina.es\/?page_id=276"},"modified":"2021-12-12T20:12:35","modified_gmt":"2021-12-12T20:12:35","slug":"trucos-y-sugerencias","status":"publish","type":"page","link":"https:\/\/infococina.info\/index.php\/trucos-y-sugerencias\/","title":{"rendered":"Trucos y sugerencias culinarias"},"content":{"rendered":"\n<h3 class=\"has-text-align-center wp-block-heading\">Unos cuantos trucos y sugerencias para hacerte&nbsp;m\u00e1s&nbsp;f\u00e1cil&nbsp;los cocinados, desde como hervir los huevos.&nbsp;<\/h3>\n\n\n\n<h3 class=\"has-text-align-center wp-block-heading\">Ablandar&nbsp;las carnes, preparar un caramelo para las flaneras o que al hervir un arroz blanco te salga suelto.<\/h3>\n\n\n\n<h3 class=\"has-text-align-center wp-block-heading\">Si pulsas encima de la imagen se abrir\u00e1 el formato galer\u00eda para poder navegar mejor y podr\u00e1s compartir con tus amigos, y bajarlas (Bot\u00f3n desecho sobre la imagen y guardar imagen como.) o crear tus fichas en im\u00e1genes.<\/h3>\n\n\n\n<div class=\"wp-block-pgcsimplygalleryblock-slider simpLy-gallery-freedom-block\" data-gallery-id=\"simpLy\"><div class=\"sgb-gallery\"><div class=\"sgb-item \" data-item-id=\"279\"><figure><a href=\"http:\/\/infococina.es\/wp-content\/uploads\/2021\/12\/trucos-sugerencias-parte1.png\"><img loading=\"lazy\" decoding=\"async\" width=\"1024\" height=\"694\" src=\"http:\/\/infococina.es\/wp-content\/uploads\/2021\/12\/trucos-sugerencias-parte1-1024x694.png\" alt=\"\" data-id=\"279\" data-link=\"http:\/\/infococina.es\/wp-content\/uploads\/2021\/12\/trucos-sugerencias-parte1.png\" class=\"wp-image-279\" title=\"trucos-sugerencias-parte1\" srcset=\"https:\/\/infococina.info\/wp-content\/uploads\/2021\/12\/trucos-sugerencias-parte1-1024x694.png 1024w, https:\/\/infococina.info\/wp-content\/uploads\/2021\/12\/trucos-sugerencias-parte1-300x203.png 300w, https:\/\/infococina.info\/wp-content\/uploads\/2021\/12\/trucos-sugerencias-parte1-768x520.png 768w, https:\/\/infococina.info\/wp-content\/uploads\/2021\/12\/trucos-sugerencias-parte1-680x461.png 680w, https:\/\/infococina.info\/wp-content\/uploads\/2021\/12\/trucos-sugerencias-parte1-480x325.png 480w, https:\/\/infococina.info\/wp-content\/uploads\/2021\/12\/trucos-sugerencias-parte1.png 1200w\" sizes=\"auto, (max-width: 1024px) 100vw, 1024px\" \/><\/a><\/figure><\/div><div class=\"sgb-item \" data-item-id=\"288\"><figure><a href=\"http:\/\/infococina.es\/wp-content\/uploads\/2021\/12\/trucos-sugerencias-parte2.png\"><img loading=\"lazy\" decoding=\"async\" width=\"1024\" height=\"694\" src=\"http:\/\/infococina.es\/wp-content\/uploads\/2021\/12\/trucos-sugerencias-parte2-1024x694.png\" alt=\"\" data-id=\"288\" data-link=\"http:\/\/infococina.es\/wp-content\/uploads\/2021\/12\/trucos-sugerencias-parte2.png\" class=\"wp-image-288\" title=\"trucos-sugerencias-parte2\" srcset=\"https:\/\/infococina.info\/wp-content\/uploads\/2021\/12\/trucos-sugerencias-parte2-1024x694.png 1024w, https:\/\/infococina.info\/wp-content\/uploads\/2021\/12\/trucos-sugerencias-parte2-300x203.png 300w, https:\/\/infococina.info\/wp-content\/uploads\/2021\/12\/trucos-sugerencias-parte2-768x520.png 768w, https:\/\/infococina.info\/wp-content\/uploads\/2021\/12\/trucos-sugerencias-parte2-680x461.png 680w, https:\/\/infococina.info\/wp-content\/uploads\/2021\/12\/trucos-sugerencias-parte2-480x325.png 480w, https:\/\/infococina.info\/wp-content\/uploads\/2021\/12\/trucos-sugerencias-parte2.png 1200w\" sizes=\"auto, (max-width: 1024px) 100vw, 1024px\" \/><\/a><\/figure><\/div><div class=\"sgb-item \" data-item-id=\"292\"><figure><a href=\"http:\/\/infococina.es\/wp-content\/uploads\/2021\/12\/trucos-sugerencias-parte3.png\"><img loading=\"lazy\" decoding=\"async\" width=\"1024\" height=\"694\" src=\"http:\/\/infococina.es\/wp-content\/uploads\/2021\/12\/trucos-sugerencias-parte3-1024x694.png\" alt=\"\" data-id=\"292\" data-link=\"http:\/\/infococina.es\/wp-content\/uploads\/2021\/12\/trucos-sugerencias-parte3.png\" class=\"wp-image-292\" title=\"trucos-sugerencias-parte3\" srcset=\"https:\/\/infococina.info\/wp-content\/uploads\/2021\/12\/trucos-sugerencias-parte3-1024x694.png 1024w, https:\/\/infococina.info\/wp-content\/uploads\/2021\/12\/trucos-sugerencias-parte3-300x203.png 300w, https:\/\/infococina.info\/wp-content\/uploads\/2021\/12\/trucos-sugerencias-parte3-768x520.png 768w, https:\/\/infococina.info\/wp-content\/uploads\/2021\/12\/trucos-sugerencias-parte3-680x461.png 680w, https:\/\/infococina.info\/wp-content\/uploads\/2021\/12\/trucos-sugerencias-parte3-480x325.png 480w, https:\/\/infococina.info\/wp-content\/uploads\/2021\/12\/trucos-sugerencias-parte3.png 1200w\" sizes=\"auto, (max-width: 1024px) 100vw, 1024px\" \/><\/a><\/figure><\/div><div class=\"sgb-item \" data-item-id=\"300\"><figure><a href=\"http:\/\/infococina.es\/wp-content\/uploads\/2021\/12\/trucos-sugerencias-parte-4-1.png\"><img loading=\"lazy\" decoding=\"async\" width=\"1024\" height=\"694\" src=\"http:\/\/infococina.es\/wp-content\/uploads\/2021\/12\/trucos-sugerencias-parte-4-1-1024x694.png\" alt=\"\" data-id=\"300\" data-link=\"http:\/\/infococina.es\/wp-content\/uploads\/2021\/12\/trucos-sugerencias-parte-4-1.png\" class=\"wp-image-300\" title=\"trucos-sugerencias-parte-4\" srcset=\"https:\/\/infococina.info\/wp-content\/uploads\/2021\/12\/trucos-sugerencias-parte-4-1-1024x694.png 1024w, https:\/\/infococina.info\/wp-content\/uploads\/2021\/12\/trucos-sugerencias-parte-4-1-300x203.png 300w, https:\/\/infococina.info\/wp-content\/uploads\/2021\/12\/trucos-sugerencias-parte-4-1-768x520.png 768w, https:\/\/infococina.info\/wp-content\/uploads\/2021\/12\/trucos-sugerencias-parte-4-1-680x461.png 680w, https:\/\/infococina.info\/wp-content\/uploads\/2021\/12\/trucos-sugerencias-parte-4-1-480x325.png 480w, https:\/\/infococina.info\/wp-content\/uploads\/2021\/12\/trucos-sugerencias-parte-4-1.png 1200w\" sizes=\"auto, (max-width: 1024px) 100vw, 1024px\" \/><\/a><\/figure><\/div><\/div><\/div>\n\n\n\n<figure class=\"wp-block-embed is-type-video is-provider-youtube wp-block-embed-youtube wp-embed-aspect-16-9 wp-has-aspect-ratio\"><div class=\"wp-block-embed__wrapper\">\n<iframe loading=\"lazy\" title=\"\ud83d\udcd6Unos cuantos trucos y sugerencias para hacerte m\u00e1s f\u00e1cil los cocinados | huevos | Arroces, y mas.\" width=\"500\" height=\"281\" src=\"https:\/\/www.youtube.com\/embed\/BTvKIN4wksA?feature=oembed\" frameborder=\"0\" allow=\"accelerometer; autoplay; clipboard-write; encrypted-media; gyroscope; picture-in-picture; web-share\" referrerpolicy=\"strict-origin-when-cross-origin\" allowfullscreen><\/iframe>\n<\/div><\/figure>\n","protected":false},"excerpt":{"rendered":"<p>Unos cuantos trucos y sugerencias para hacerte&nbsp;m\u00e1s&nbsp;f\u00e1cil&nbsp;los cocinados, desde como hervir los huevos.&nbsp; Ablandar&nbsp;las carnes, preparar un&#8230;<\/p>\n","protected":false},"author":1,"featured_media":0,"parent":0,"menu_order":0,"comment_status":"closed","ping_status":"closed","template":"","meta":{"om_disable_all_campaigns":false,"_monsterinsights_skip_tracking":false,"_monsterinsights_sitenote_active":false,"_monsterinsights_sitenote_note":"","_monsterinsights_sitenote_category":0,"_uf_show_specific_survey":0,"_uf_disable_surveys":false,"footnotes":""},"class_list":["post-276","page","type-page","status-publish","hentry"],"aioseo_notices":[],"_links":{"self":[{"href":"https:\/\/infococina.info\/index.php\/wp-json\/wp\/v2\/pages\/276","targetHints":{"allow":["GET"]}}],"collection":[{"href":"https:\/\/infococina.info\/index.php\/wp-json\/wp\/v2\/pages"}],"about":[{"href":"https:\/\/infococina.info\/index.php\/wp-json\/wp\/v2\/types\/page"}],"author":[{"embeddable":true,"href":"https:\/\/infococina.info\/index.php\/wp-json\/wp\/v2\/users\/1"}],"replies":[{"embeddable":true,"href":"https:\/\/infococina.info\/index.php\/wp-json\/wp\/v2\/comments?post=276"}],"version-history":[{"count":0,"href":"https:\/\/infococina.info\/index.php\/wp-json\/wp\/v2\/pages\/276\/revisions"}],"wp:attachment":[{"href":"https:\/\/infococina.info\/index.php\/wp-json\/wp\/v2\/media?parent=276"}],"curies":[{"name":"wp","href":"https:\/\/api.w.org\/{rel}","templated":true}]}}