{"id":283,"date":"2021-12-13T00:08:24","date_gmt":"2021-12-13T00:08:24","guid":{"rendered":"http:\/\/infococina.es\/?page_id=283"},"modified":"2021-12-13T00:08:24","modified_gmt":"2021-12-13T00:08:24","slug":"despiece-animales","status":"publish","type":"page","link":"https:\/\/infococina.info\/index.php\/despiece-animales\/","title":{"rendered":"Despiece Animales"},"content":{"rendered":"\n<h5 class=\"has-text-align-center wp-block-heading\">Los cortes son los diferentes cortes de la carne de los animales, es decir, diferentes partes que los humanos consumen como alimento. La terminolog\u00eda y el alcance de cada corte var\u00eda de un pa\u00eds a otro<\/h5>\n\n\n\n<h5 class=\"has-text-align-center wp-block-heading\">Si pulsas encima de la imagen se abrir\u00e1 el formato galer\u00eda para poder navegar mejor y podr\u00e1s compartir con tus amigos, y bajarlas (Bot\u00f3n desecho sobre la imagen y guardar imagen como.) o crear tus fichas en im\u00e1genes.<\/h5>\n\n\n\n<div class=\"wp-block-pgcsimplygalleryblock-slider simpLy-gallery-freedom-block\" data-gallery-id=\"simpLy\"><div class=\"sgb-gallery\"><div class=\"sgb-item \" data-item-id=\"285\"><figure><a href=\"http:\/\/infococina.es\/wp-content\/uploads\/2021\/12\/cortes-del-cerdo.png\"><img loading=\"lazy\" decoding=\"async\" width=\"819\" height=\"1024\" src=\"http:\/\/infococina.es\/wp-content\/uploads\/2021\/12\/cortes-del-cerdo-819x1024.png\" alt=\"\" data-id=\"285\" data-link=\"http:\/\/infococina.es\/wp-content\/uploads\/2021\/12\/cortes-del-cerdo.png\" class=\"wp-image-285\" title=\"cortes-del-cerdo\" srcset=\"https:\/\/infococina.info\/wp-content\/uploads\/2021\/12\/cortes-del-cerdo-819x1024.png 819w, https:\/\/infococina.info\/wp-content\/uploads\/2021\/12\/cortes-del-cerdo-240x300.png 240w, https:\/\/infococina.info\/wp-content\/uploads\/2021\/12\/cortes-del-cerdo-768x960.png 768w, https:\/\/infococina.info\/wp-content\/uploads\/2021\/12\/cortes-del-cerdo-680x850.png 680w, https:\/\/infococina.info\/wp-content\/uploads\/2021\/12\/cortes-del-cerdo-480x600.png 480w, https:\/\/infococina.info\/wp-content\/uploads\/2021\/12\/cortes-del-cerdo.png 1200w\" sizes=\"auto, (max-width: 819px) 100vw, 819px\" \/><\/a><\/figure><\/div><\/div><\/div>\n","protected":false},"excerpt":{"rendered":"<p>Los cortes son los diferentes cortes de la carne de los animales, es decir, diferentes partes que&#8230;<\/p>\n","protected":false},"author":1,"featured_media":0,"parent":0,"menu_order":0,"comment_status":"closed","ping_status":"closed","template":"","meta":{"om_disable_all_campaigns":false,"_monsterinsights_skip_tracking":false,"_monsterinsights_sitenote_active":false,"_monsterinsights_sitenote_note":"","_monsterinsights_sitenote_category":0,"_uf_show_specific_survey":0,"_uf_disable_surveys":false,"footnotes":""},"class_list":["post-283","page","type-page","status-publish","hentry"],"aioseo_notices":[],"_links":{"self":[{"href":"https:\/\/infococina.info\/index.php\/wp-json\/wp\/v2\/pages\/283","targetHints":{"allow":["GET"]}}],"collection":[{"href":"https:\/\/infococina.info\/index.php\/wp-json\/wp\/v2\/pages"}],"about":[{"href":"https:\/\/infococina.info\/index.php\/wp-json\/wp\/v2\/types\/page"}],"author":[{"embeddable":true,"href":"https:\/\/infococina.info\/index.php\/wp-json\/wp\/v2\/users\/1"}],"replies":[{"embeddable":true,"href":"https:\/\/infococina.info\/index.php\/wp-json\/wp\/v2\/comments?post=283"}],"version-history":[{"count":0,"href":"https:\/\/infococina.info\/index.php\/wp-json\/wp\/v2\/pages\/283\/revisions"}],"wp:attachment":[{"href":"https:\/\/infococina.info\/index.php\/wp-json\/wp\/v2\/media?parent=283"}],"curies":[{"name":"wp","href":"https:\/\/api.w.org\/{rel}","templated":true}]}}