{"id":467,"date":"2022-03-13T13:07:01","date_gmt":"2022-03-13T13:07:01","guid":{"rendered":"http:\/\/infococina.es\/?page_id=467"},"modified":"2022-03-13T13:07:01","modified_gmt":"2022-03-13T13:07:01","slug":"diccionario-de-elementos","status":"publish","type":"page","link":"https:\/\/infococina.info\/index.php\/diccionario-de-elementos\/","title":{"rendered":"Diccionario de elementos"},"content":{"rendered":"\n<h4 class=\"has-text-align-center wp-block-heading\">Diccionario de elementos que podemos encontrar en los alimentos del d\u00eda a d\u00eda Vitaminas, <\/h4>\n\n\n\n<h4 class=\"has-text-align-center wp-block-heading\">mineral potasio, calcio, f\u00f3sforo, Carbohidratos Az\u00facares, Fibra alimentaria, Grasas, Prote\u00ednas Agua, Retinol, <\/h4>\n\n\n\n<h4 class=\"has-text-align-center wp-block-heading\">Tiamina, etc. en el comentario pondr\u00e9 el tiempo del video de cada uno. Todo ello en formato audio, libro, podcast para escuchar los textos.<\/h4>\n\n\n\n<figure class=\"wp-block-embed is-type-video is-provider-youtube wp-block-embed-youtube wp-embed-aspect-16-9 wp-has-aspect-ratio\"><div class=\"wp-block-embed__wrapper\">\n<iframe loading=\"lazy\" title=\"\ud83d\udcddDiccionario de elementos que podemos encontrar en los alimentos del d\u00eda a d\u00eda. \ud83c\udf5e\ud83c\udf76\ud83c\udf57\ud83c\udf49Vitaminas,\" width=\"500\" height=\"281\" src=\"https:\/\/www.youtube.com\/embed\/yZygPQgi1kc?feature=oembed\" frameborder=\"0\" allow=\"accelerometer; autoplay; clipboard-write; encrypted-media; gyroscope; picture-in-picture; web-share\" referrerpolicy=\"strict-origin-when-cross-origin\" allowfullscreen><\/iframe>\n<\/div><\/figure>\n","protected":false},"excerpt":{"rendered":"<p>Diccionario de elementos que podemos encontrar en los alimentos del d\u00eda a d\u00eda Vitaminas, mineral potasio, calcio,&#8230;<\/p>\n","protected":false},"author":1,"featured_media":0,"parent":0,"menu_order":0,"comment_status":"closed","ping_status":"closed","template":"","meta":{"om_disable_all_campaigns":false,"_monsterinsights_skip_tracking":false,"_monsterinsights_sitenote_active":false,"_monsterinsights_sitenote_note":"","_monsterinsights_sitenote_category":0,"_uf_show_specific_survey":0,"_uf_disable_surveys":false,"footnotes":""},"class_list":["post-467","page","type-page","status-publish","hentry"],"aioseo_notices":[],"_links":{"self":[{"href":"https:\/\/infococina.info\/index.php\/wp-json\/wp\/v2\/pages\/467","targetHints":{"allow":["GET"]}}],"collection":[{"href":"https:\/\/infococina.info\/index.php\/wp-json\/wp\/v2\/pages"}],"about":[{"href":"https:\/\/infococina.info\/index.php\/wp-json\/wp\/v2\/types\/page"}],"author":[{"embeddable":true,"href":"https:\/\/infococina.info\/index.php\/wp-json\/wp\/v2\/users\/1"}],"replies":[{"embeddable":true,"href":"https:\/\/infococina.info\/index.php\/wp-json\/wp\/v2\/comments?post=467"}],"version-history":[{"count":0,"href":"https:\/\/infococina.info\/index.php\/wp-json\/wp\/v2\/pages\/467\/revisions"}],"wp:attachment":[{"href":"https:\/\/infococina.info\/index.php\/wp-json\/wp\/v2\/media?parent=467"}],"curies":[{"name":"wp","href":"https:\/\/api.w.org\/{rel}","templated":true}]}}