{"id":50,"date":"2021-12-03T14:47:40","date_gmt":"2021-12-03T14:47:40","guid":{"rendered":"http:\/\/infococina.es\/?page_id=50"},"modified":"2021-12-03T14:47:40","modified_gmt":"2021-12-03T14:47:40","slug":"limentos-de-temporada","status":"publish","type":"page","link":"https:\/\/infococina.info\/index.php\/limentos-de-temporada\/","title":{"rendered":"Alimentos de Temporada"},"content":{"rendered":"\n<h4 class=\"has-text-align-left wp-block-heading\">Informaci\u00f3n sobre los alimentos de la vida cotidiana, y&nbsp;que se pueden comprar en su&nbsp;supermercado, clasificados por meses.<\/h4>\n\n\n\n<h4 class=\"has-text-align-left wp-block-heading\">Si pulsas encima de la imagen se abrir\u00e1 el formato galer\u00eda para poder navegar mejor y podr\u00e1s compartir con tus amigos, y bajarlas.<\/h4>\n\n\n\n<h4 class=\"has-text-align-left wp-block-heading\"> (Bot\u00f3n desecho sobre la imagen y guardar imagen como.) o crear tus fichas en im\u00e1genes.<\/h4>\n\n\n\n<hr class=\"wp-block-separator has-css-opacity\"\/>\n\n\n\n<div class=\"wp-block-pgcsimplygalleryblock-slider simpLy-gallery-freedom-block\" data-gallery-id=\"simpLy\"><div class=\"sgb-gallery\"><div class=\"sgb-item \" data-item-id=\"303\"><figure><a href=\"http:\/\/infococina.es\/wp-content\/uploads\/2021\/12\/mes-de-enero.png\"><img loading=\"lazy\" decoding=\"async\" width=\"1024\" height=\"960\" src=\"http:\/\/infococina.es\/wp-content\/uploads\/2021\/12\/mes-de-enero-1024x960.png\" alt=\"\" data-id=\"303\" data-link=\"http:\/\/infococina.es\/wp-content\/uploads\/2021\/12\/mes-de-enero.png\" class=\"wp-image-303\" title=\"mes-de-enero\" srcset=\"https:\/\/infococina.info\/wp-content\/uploads\/2021\/12\/mes-de-enero-1024x960.png 1024w, https:\/\/infococina.info\/wp-content\/uploads\/2021\/12\/mes-de-enero-300x281.png 300w, https:\/\/infococina.info\/wp-content\/uploads\/2021\/12\/mes-de-enero-768x720.png 768w, https:\/\/infococina.info\/wp-content\/uploads\/2021\/12\/mes-de-enero-1536x1440.png 1536w, https:\/\/infococina.info\/wp-content\/uploads\/2021\/12\/mes-de-enero-1218x1142.png 1218w, https:\/\/infococina.info\/wp-content\/uploads\/2021\/12\/mes-de-enero-680x638.png 680w, https:\/\/infococina.info\/wp-content\/uploads\/2021\/12\/mes-de-enero-480x450.png 480w, https:\/\/infococina.info\/wp-content\/uploads\/2021\/12\/mes-de-enero.png 1600w\" sizes=\"auto, (max-width: 1024px) 100vw, 1024px\" \/><\/a><\/figure><\/div><div class=\"sgb-item \" data-item-id=\"306\"><figure><a href=\"http:\/\/infococina.es\/wp-content\/uploads\/2021\/12\/mes-de-febrero.png\"><img loading=\"lazy\" decoding=\"async\" width=\"1024\" height=\"960\" src=\"http:\/\/infococina.es\/wp-content\/uploads\/2021\/12\/mes-de-febrero-1024x960.png\" alt=\"\" data-id=\"306\" data-link=\"http:\/\/infococina.es\/wp-content\/uploads\/2021\/12\/mes-de-febrero.png\" class=\"wp-image-306\" title=\"mes-de-febrero\" srcset=\"https:\/\/infococina.info\/wp-content\/uploads\/2021\/12\/mes-de-febrero-1024x960.png 1024w, https:\/\/infococina.info\/wp-content\/uploads\/2021\/12\/mes-de-febrero-300x281.png 300w, https:\/\/infococina.info\/wp-content\/uploads\/2021\/12\/mes-de-febrero-768x720.png 768w, https:\/\/infococina.info\/wp-content\/uploads\/2021\/12\/mes-de-febrero-1536x1440.png 1536w, https:\/\/infococina.info\/wp-content\/uploads\/2021\/12\/mes-de-febrero-1218x1142.png 1218w, https:\/\/infococina.info\/wp-content\/uploads\/2021\/12\/mes-de-febrero-680x638.png 680w, https:\/\/infococina.info\/wp-content\/uploads\/2021\/12\/mes-de-febrero-480x450.png 480w, https:\/\/infococina.info\/wp-content\/uploads\/2021\/12\/mes-de-febrero.png 1600w\" sizes=\"auto, (max-width: 1024px) 100vw, 1024px\" \/><\/a><\/figure><\/div><div class=\"sgb-item \" data-item-id=\"309\"><figure><a href=\"http:\/\/infococina.es\/wp-content\/uploads\/2021\/12\/mes-de-marzo.png\"><img loading=\"lazy\" decoding=\"async\" width=\"1024\" height=\"960\" src=\"http:\/\/infococina.es\/wp-content\/uploads\/2021\/12\/mes-de-marzo-1024x960.png\" alt=\"\" data-id=\"309\" data-link=\"http:\/\/infococina.es\/wp-content\/uploads\/2021\/12\/mes-de-marzo.png\" class=\"wp-image-309\" title=\"mes-de-marzo\" srcset=\"https:\/\/infococina.info\/wp-content\/uploads\/2021\/12\/mes-de-marzo-1024x960.png 1024w, https:\/\/infococina.info\/wp-content\/uploads\/2021\/12\/mes-de-marzo-300x281.png 300w, https:\/\/infococina.info\/wp-content\/uploads\/2021\/12\/mes-de-marzo-768x720.png 768w, https:\/\/infococina.info\/wp-content\/uploads\/2021\/12\/mes-de-marzo-1536x1440.png 1536w, https:\/\/infococina.info\/wp-content\/uploads\/2021\/12\/mes-de-marzo-1218x1142.png 1218w, https:\/\/infococina.info\/wp-content\/uploads\/2021\/12\/mes-de-marzo-680x638.png 680w, https:\/\/infococina.info\/wp-content\/uploads\/2021\/12\/mes-de-marzo-480x450.png 480w, https:\/\/infococina.info\/wp-content\/uploads\/2021\/12\/mes-de-marzo.png 1600w\" sizes=\"auto, (max-width: 1024px) 100vw, 1024px\" \/><\/a><\/figure><\/div><div class=\"sgb-item \" data-item-id=\"310\"><figure><a href=\"http:\/\/infococina.es\/wp-content\/uploads\/2021\/12\/mes-de-abril.png\"><img loading=\"lazy\" decoding=\"async\" width=\"1024\" height=\"960\" src=\"http:\/\/infococina.es\/wp-content\/uploads\/2021\/12\/mes-de-abril-1024x960.png\" alt=\"\" data-id=\"310\" data-link=\"http:\/\/infococina.es\/wp-content\/uploads\/2021\/12\/mes-de-abril.png\" class=\"wp-image-310\" title=\"mes-de-abril\" srcset=\"https:\/\/infococina.info\/wp-content\/uploads\/2021\/12\/mes-de-abril-1024x960.png 1024w, https:\/\/infococina.info\/wp-content\/uploads\/2021\/12\/mes-de-abril-300x281.png 300w, https:\/\/infococina.info\/wp-content\/uploads\/2021\/12\/mes-de-abril-768x720.png 768w, https:\/\/infococina.info\/wp-content\/uploads\/2021\/12\/mes-de-abril-1536x1440.png 1536w, https:\/\/infococina.info\/wp-content\/uploads\/2021\/12\/mes-de-abril-1218x1142.png 1218w, https:\/\/infococina.info\/wp-content\/uploads\/2021\/12\/mes-de-abril-680x638.png 680w, https:\/\/infococina.info\/wp-content\/uploads\/2021\/12\/mes-de-abril-480x450.png 480w, https:\/\/infococina.info\/wp-content\/uploads\/2021\/12\/mes-de-abril.png 1600w\" sizes=\"auto, (max-width: 1024px) 100vw, 1024px\" \/><\/a><\/figure><\/div><div class=\"sgb-item \" data-item-id=\"312\"><figure><a href=\"http:\/\/infococina.es\/wp-content\/uploads\/2021\/12\/mes-de-mayo.png\"><img loading=\"lazy\" decoding=\"async\" width=\"1024\" height=\"960\" src=\"http:\/\/infococina.es\/wp-content\/uploads\/2021\/12\/mes-de-mayo-1024x960.png\" alt=\"\" data-id=\"312\" data-link=\"http:\/\/infococina.es\/wp-content\/uploads\/2021\/12\/mes-de-mayo.png\" class=\"wp-image-312\" title=\"mes-de-mayo\" srcset=\"https:\/\/infococina.info\/wp-content\/uploads\/2021\/12\/mes-de-mayo-1024x960.png 1024w, https:\/\/infococina.info\/wp-content\/uploads\/2021\/12\/mes-de-mayo-300x281.png 300w, https:\/\/infococina.info\/wp-content\/uploads\/2021\/12\/mes-de-mayo-768x720.png 768w, https:\/\/infococina.info\/wp-content\/uploads\/2021\/12\/mes-de-mayo-1536x1440.png 1536w, https:\/\/infococina.info\/wp-content\/uploads\/2021\/12\/mes-de-mayo-1218x1142.png 1218w, https:\/\/infococina.info\/wp-content\/uploads\/2021\/12\/mes-de-mayo-680x638.png 680w, https:\/\/infococina.info\/wp-content\/uploads\/2021\/12\/mes-de-mayo-480x450.png 480w, https:\/\/infococina.info\/wp-content\/uploads\/2021\/12\/mes-de-mayo.png 1600w\" sizes=\"auto, (max-width: 1024px) 100vw, 1024px\" \/><\/a><\/figure><\/div><div class=\"sgb-item \" data-item-id=\"313\"><figure><a href=\"http:\/\/infococina.es\/wp-content\/uploads\/2021\/12\/mes-de-junio.png\"><img loading=\"lazy\" decoding=\"async\" width=\"1024\" height=\"960\" src=\"http:\/\/infococina.es\/wp-content\/uploads\/2021\/12\/mes-de-junio-1024x960.png\" alt=\"\" data-id=\"313\" data-link=\"http:\/\/infococina.es\/wp-content\/uploads\/2021\/12\/mes-de-junio.png\" class=\"wp-image-313\" title=\"mes-de-junio\" srcset=\"https:\/\/infococina.info\/wp-content\/uploads\/2021\/12\/mes-de-junio-1024x960.png 1024w, https:\/\/infococina.info\/wp-content\/uploads\/2021\/12\/mes-de-junio-300x281.png 300w, https:\/\/infococina.info\/wp-content\/uploads\/2021\/12\/mes-de-junio-768x720.png 768w, https:\/\/infococina.info\/wp-content\/uploads\/2021\/12\/mes-de-junio-1536x1440.png 1536w, https:\/\/infococina.info\/wp-content\/uploads\/2021\/12\/mes-de-junio-1218x1142.png 1218w, https:\/\/infococina.info\/wp-content\/uploads\/2021\/12\/mes-de-junio-680x638.png 680w, https:\/\/infococina.info\/wp-content\/uploads\/2021\/12\/mes-de-junio-480x450.png 480w, https:\/\/infococina.info\/wp-content\/uploads\/2021\/12\/mes-de-junio.png 1600w\" sizes=\"auto, (max-width: 1024px) 100vw, 1024px\" \/><\/a><\/figure><\/div><div class=\"sgb-item \" data-item-id=\"314\"><figure><a href=\"http:\/\/infococina.es\/wp-content\/uploads\/2021\/12\/mes-de-junio-1.png\"><img loading=\"lazy\" decoding=\"async\" width=\"1024\" height=\"960\" src=\"http:\/\/infococina.es\/wp-content\/uploads\/2021\/12\/mes-de-junio-1-1024x960.png\" alt=\"\" data-id=\"314\" data-link=\"http:\/\/infococina.es\/wp-content\/uploads\/2021\/12\/mes-de-junio-1.png\" class=\"wp-image-314\" title=\"mes-de-junio\" srcset=\"https:\/\/infococina.info\/wp-content\/uploads\/2021\/12\/mes-de-junio-1-1024x960.png 1024w, https:\/\/infococina.info\/wp-content\/uploads\/2021\/12\/mes-de-junio-1-300x281.png 300w, https:\/\/infococina.info\/wp-content\/uploads\/2021\/12\/mes-de-junio-1-768x720.png 768w, https:\/\/infococina.info\/wp-content\/uploads\/2021\/12\/mes-de-junio-1-1536x1440.png 1536w, https:\/\/infococina.info\/wp-content\/uploads\/2021\/12\/mes-de-junio-1-1218x1142.png 1218w, https:\/\/infococina.info\/wp-content\/uploads\/2021\/12\/mes-de-junio-1-680x638.png 680w, https:\/\/infococina.info\/wp-content\/uploads\/2021\/12\/mes-de-junio-1-480x450.png 480w, https:\/\/infococina.info\/wp-content\/uploads\/2021\/12\/mes-de-junio-1.png 1600w\" sizes=\"auto, (max-width: 1024px) 100vw, 1024px\" \/><\/a><\/figure><\/div><div class=\"sgb-item \" data-item-id=\"317\"><figure><a href=\"http:\/\/infococina.es\/wp-content\/uploads\/2021\/12\/mes-de-agosto.png\"><img loading=\"lazy\" decoding=\"async\" width=\"1024\" height=\"960\" src=\"http:\/\/infococina.es\/wp-content\/uploads\/2021\/12\/mes-de-agosto-1024x960.png\" alt=\"\" data-id=\"317\" data-link=\"http:\/\/infococina.es\/wp-content\/uploads\/2021\/12\/mes-de-agosto.png\" class=\"wp-image-317\" title=\"mes-de-agosto\" srcset=\"https:\/\/infococina.info\/wp-content\/uploads\/2021\/12\/mes-de-agosto-1024x960.png 1024w, https:\/\/infococina.info\/wp-content\/uploads\/2021\/12\/mes-de-agosto-300x281.png 300w, https:\/\/infococina.info\/wp-content\/uploads\/2021\/12\/mes-de-agosto-768x720.png 768w, https:\/\/infococina.info\/wp-content\/uploads\/2021\/12\/mes-de-agosto-1536x1440.png 1536w, https:\/\/infococina.info\/wp-content\/uploads\/2021\/12\/mes-de-agosto-1218x1142.png 1218w, https:\/\/infococina.info\/wp-content\/uploads\/2021\/12\/mes-de-agosto-680x638.png 680w, https:\/\/infococina.info\/wp-content\/uploads\/2021\/12\/mes-de-agosto-480x450.png 480w, https:\/\/infococina.info\/wp-content\/uploads\/2021\/12\/mes-de-agosto.png 1600w\" sizes=\"auto, (max-width: 1024px) 100vw, 1024px\" \/><\/a><\/figure><\/div><div class=\"sgb-item \" data-item-id=\"319\"><figure><a href=\"http:\/\/infococina.es\/wp-content\/uploads\/2021\/12\/mes-de-septiembre.png\"><img loading=\"lazy\" decoding=\"async\" width=\"1024\" height=\"960\" src=\"http:\/\/infococina.es\/wp-content\/uploads\/2021\/12\/mes-de-septiembre-1024x960.png\" alt=\"\" data-id=\"319\" data-link=\"http:\/\/infococina.es\/wp-content\/uploads\/2021\/12\/mes-de-septiembre.png\" class=\"wp-image-319\" title=\"mes-de-septiembre\" srcset=\"https:\/\/infococina.info\/wp-content\/uploads\/2021\/12\/mes-de-septiembre-1024x960.png 1024w, https:\/\/infococina.info\/wp-content\/uploads\/2021\/12\/mes-de-septiembre-300x281.png 300w, https:\/\/infococina.info\/wp-content\/uploads\/2021\/12\/mes-de-septiembre-768x720.png 768w, https:\/\/infococina.info\/wp-content\/uploads\/2021\/12\/mes-de-septiembre-1536x1440.png 1536w, https:\/\/infococina.info\/wp-content\/uploads\/2021\/12\/mes-de-septiembre-1218x1142.png 1218w, https:\/\/infococina.info\/wp-content\/uploads\/2021\/12\/mes-de-septiembre-680x638.png 680w, https:\/\/infococina.info\/wp-content\/uploads\/2021\/12\/mes-de-septiembre-480x450.png 480w, https:\/\/infococina.info\/wp-content\/uploads\/2021\/12\/mes-de-septiembre.png 1600w\" sizes=\"auto, (max-width: 1024px) 100vw, 1024px\" \/><\/a><\/figure><\/div><div class=\"sgb-item \" data-item-id=\"321\"><figure><a href=\"http:\/\/infococina.es\/wp-content\/uploads\/2021\/12\/mes-de-octubre.png\"><img loading=\"lazy\" decoding=\"async\" width=\"1024\" height=\"960\" src=\"http:\/\/infococina.es\/wp-content\/uploads\/2021\/12\/mes-de-octubre-1024x960.png\" alt=\"\" data-id=\"321\" data-link=\"http:\/\/infococina.es\/wp-content\/uploads\/2021\/12\/mes-de-octubre.png\" class=\"wp-image-321\" title=\"mes-de-octubre\" srcset=\"https:\/\/infococina.info\/wp-content\/uploads\/2021\/12\/mes-de-octubre-1024x960.png 1024w, https:\/\/infococina.info\/wp-content\/uploads\/2021\/12\/mes-de-octubre-300x281.png 300w, https:\/\/infococina.info\/wp-content\/uploads\/2021\/12\/mes-de-octubre-768x720.png 768w, https:\/\/infococina.info\/wp-content\/uploads\/2021\/12\/mes-de-octubre-1536x1440.png 1536w, https:\/\/infococina.info\/wp-content\/uploads\/2021\/12\/mes-de-octubre-1218x1142.png 1218w, https:\/\/infococina.info\/wp-content\/uploads\/2021\/12\/mes-de-octubre-680x638.png 680w, https:\/\/infococina.info\/wp-content\/uploads\/2021\/12\/mes-de-octubre-480x450.png 480w, https:\/\/infococina.info\/wp-content\/uploads\/2021\/12\/mes-de-octubre.png 1600w\" sizes=\"auto, (max-width: 1024px) 100vw, 1024px\" \/><\/a><\/figure><\/div><div class=\"sgb-item \" data-item-id=\"323\"><figure><a href=\"http:\/\/infococina.es\/wp-content\/uploads\/2021\/12\/mes-de-noviembre.png\"><img loading=\"lazy\" decoding=\"async\" width=\"1024\" height=\"960\" src=\"http:\/\/infococina.es\/wp-content\/uploads\/2021\/12\/mes-de-noviembre-1024x960.png\" alt=\"\" data-id=\"323\" data-link=\"http:\/\/infococina.es\/wp-content\/uploads\/2021\/12\/mes-de-noviembre.png\" class=\"wp-image-323\" title=\"mes-de-noviembre\" srcset=\"https:\/\/infococina.info\/wp-content\/uploads\/2021\/12\/mes-de-noviembre-1024x960.png 1024w, https:\/\/infococina.info\/wp-content\/uploads\/2021\/12\/mes-de-noviembre-300x281.png 300w, https:\/\/infococina.info\/wp-content\/uploads\/2021\/12\/mes-de-noviembre-768x720.png 768w, https:\/\/infococina.info\/wp-content\/uploads\/2021\/12\/mes-de-noviembre-1536x1440.png 1536w, https:\/\/infococina.info\/wp-content\/uploads\/2021\/12\/mes-de-noviembre-1218x1142.png 1218w, https:\/\/infococina.info\/wp-content\/uploads\/2021\/12\/mes-de-noviembre-680x638.png 680w, https:\/\/infococina.info\/wp-content\/uploads\/2021\/12\/mes-de-noviembre-480x450.png 480w, https:\/\/infococina.info\/wp-content\/uploads\/2021\/12\/mes-de-noviembre.png 1600w\" sizes=\"auto, (max-width: 1024px) 100vw, 1024px\" \/><\/a><\/figure><\/div><div class=\"sgb-item \" data-item-id=\"325\"><figure><a href=\"http:\/\/infococina.es\/wp-content\/uploads\/2021\/12\/mes-de-diciembre.png\"><img loading=\"lazy\" decoding=\"async\" width=\"1024\" height=\"960\" src=\"http:\/\/infococina.es\/wp-content\/uploads\/2021\/12\/mes-de-diciembre-1024x960.png\" alt=\"\" data-id=\"325\" data-link=\"http:\/\/infococina.es\/wp-content\/uploads\/2021\/12\/mes-de-diciembre.png\" class=\"wp-image-325\" title=\"mes-de-diciembre\" srcset=\"https:\/\/infococina.info\/wp-content\/uploads\/2021\/12\/mes-de-diciembre-1024x960.png 1024w, https:\/\/infococina.info\/wp-content\/uploads\/2021\/12\/mes-de-diciembre-300x281.png 300w, https:\/\/infococina.info\/wp-content\/uploads\/2021\/12\/mes-de-diciembre-768x720.png 768w, https:\/\/infococina.info\/wp-content\/uploads\/2021\/12\/mes-de-diciembre-1536x1440.png 1536w, https:\/\/infococina.info\/wp-content\/uploads\/2021\/12\/mes-de-diciembre-1218x1142.png 1218w, https:\/\/infococina.info\/wp-content\/uploads\/2021\/12\/mes-de-diciembre-680x638.png 680w, https:\/\/infococina.info\/wp-content\/uploads\/2021\/12\/mes-de-diciembre-480x450.png 480w, https:\/\/infococina.info\/wp-content\/uploads\/2021\/12\/mes-de-diciembre.png 1600w\" sizes=\"auto, (max-width: 1024px) 100vw, 1024px\" \/><\/a><\/figure><\/div><\/div><\/div>\n\n\n\n<figure class=\"wp-block-embed is-type-video is-provider-youtube wp-block-embed-youtube wp-embed-aspect-16-9 wp-has-aspect-ratio\"><div class=\"wp-block-embed__wrapper\">\n<iframe loading=\"lazy\" title=\"\ud83d\udcc6Alimentos de temporada por meses|  \ud83c\udf4f | \ud83c\udf46 |\ud83d\udc1f\ud83e\udd80 |\ud83c\udf56..\" width=\"500\" height=\"281\" src=\"https:\/\/www.youtube.com\/embed\/QW0mFk0FCU8?feature=oembed\" frameborder=\"0\" allow=\"accelerometer; autoplay; clipboard-write; encrypted-media; gyroscope; picture-in-picture; web-share\" referrerpolicy=\"strict-origin-when-cross-origin\" allowfullscreen><\/iframe>\n<\/div><\/figure>\n","protected":false},"excerpt":{"rendered":"<p>Informaci\u00f3n sobre los alimentos de la vida cotidiana, y&nbsp;que se pueden comprar en su&nbsp;supermercado, clasificados por meses&#8230;.<\/p>\n","protected":false},"author":1,"featured_media":0,"parent":0,"menu_order":0,"comment_status":"closed","ping_status":"closed","template":"","meta":{"om_disable_all_campaigns":false,"_monsterinsights_skip_tracking":false,"_monsterinsights_sitenote_active":false,"_monsterinsights_sitenote_note":"","_monsterinsights_sitenote_category":0,"_uf_show_specific_survey":0,"_uf_disable_surveys":false,"footnotes":""},"class_list":["post-50","page","type-page","status-publish","hentry"],"aioseo_notices":[],"_links":{"self":[{"href":"https:\/\/infococina.info\/index.php\/wp-json\/wp\/v2\/pages\/50","targetHints":{"allow":["GET"]}}],"collection":[{"href":"https:\/\/infococina.info\/index.php\/wp-json\/wp\/v2\/pages"}],"about":[{"href":"https:\/\/infococina.info\/index.php\/wp-json\/wp\/v2\/types\/page"}],"author":[{"embeddable":true,"href":"https:\/\/infococina.info\/index.php\/wp-json\/wp\/v2\/users\/1"}],"replies":[{"embeddable":true,"href":"https:\/\/infococina.info\/index.php\/wp-json\/wp\/v2\/comments?post=50"}],"version-history":[{"count":0,"href":"https:\/\/infococina.info\/index.php\/wp-json\/wp\/v2\/pages\/50\/revisions"}],"wp:attachment":[{"href":"https:\/\/infococina.info\/index.php\/wp-json\/wp\/v2\/media?parent=50"}],"curies":[{"name":"wp","href":"https:\/\/api.w.org\/{rel}","templated":true}]}}