{"id":61,"date":"2021-12-03T14:56:50","date_gmt":"2021-12-03T14:56:50","guid":{"rendered":"http:\/\/infococina.es\/?page_id=61"},"modified":"2021-12-03T14:56:50","modified_gmt":"2021-12-03T14:56:50","slug":"tabla-nutricional-alimentos","status":"publish","type":"page","link":"https:\/\/infococina.info\/index.php\/tabla-nutricional-alimentos\/","title":{"rendered":"Tabla Nutricional Alimentos"},"content":{"rendered":"\n<h4 class=\"has-text-align-center wp-block-heading\">Tabla Nutricional Alimentos todas las vitaminas, minerales,&nbsp;calor\u00edas, cada 100&nbsp;GM&nbsp;que tienen los alimentos de uso cotidiano.<\/h4>\n\n\n\n<h4 class=\"has-text-align-center wp-block-heading\">Si pulsas encima de la imagen se abrir\u00e1 el formato galer\u00eda para poder navegar mejor y podr\u00e1s compartir con tus amigos, y bajarlas.<\/h4>\n\n\n\n<h4 class=\"has-text-align-center wp-block-heading\"> (Bot\u00f3n desecho sobre la imagen y guardar imagen como.) o crear tus fichas en im\u00e1genes.<\/h4>\n\n\n\n<div class=\"wp-block-pgcsimplygalleryblock-slider simpLy-gallery-freedom-block\" data-gallery-id=\"simpLy\"><div class=\"sgb-gallery\"><div class=\"sgb-item \" data-item-id=\"66\"><figure><a href=\"http:\/\/infococina.es\/wp-content\/uploads\/2021\/12\/acelga.png\"><img loading=\"lazy\" decoding=\"async\" width=\"723\" height=\"1024\" src=\"http:\/\/infococina.es\/wp-content\/uploads\/2021\/12\/acelga-723x1024.png\" alt=\"\" data-id=\"66\" data-link=\"http:\/\/infococina.es\/wp-content\/uploads\/2021\/12\/acelga.png\" class=\"wp-image-66\" title=\"acelga\" srcset=\"https:\/\/infococina.info\/wp-content\/uploads\/2021\/12\/acelga-723x1024.png 723w, https:\/\/infococina.info\/wp-content\/uploads\/2021\/12\/acelga-212x300.png 212w, https:\/\/infococina.info\/wp-content\/uploads\/2021\/12\/acelga-768x1088.png 768w, https:\/\/infococina.info\/wp-content\/uploads\/2021\/12\/acelga-1084x1536.png 1084w, https:\/\/infococina.info\/wp-content\/uploads\/2021\/12\/acelga-680x963.png 680w, https:\/\/infococina.info\/wp-content\/uploads\/2021\/12\/acelga-480x680.png 480w, https:\/\/infococina.info\/wp-content\/uploads\/2021\/12\/acelga.png 1200w\" sizes=\"auto, (max-width: 723px) 100vw, 723px\" \/><\/a><\/figure><\/div><div class=\"sgb-item \" data-item-id=\"67\"><figure><a href=\"http:\/\/infococina.es\/wp-content\/uploads\/2021\/12\/ajo.png\"><img loading=\"lazy\" decoding=\"async\" width=\"723\" height=\"1024\" src=\"http:\/\/infococina.es\/wp-content\/uploads\/2021\/12\/ajo-723x1024.png\" alt=\"\" data-id=\"67\" data-link=\"http:\/\/infococina.es\/wp-content\/uploads\/2021\/12\/ajo.png\" class=\"wp-image-67\" title=\"ajo\" srcset=\"https:\/\/infococina.info\/wp-content\/uploads\/2021\/12\/ajo-723x1024.png 723w, https:\/\/infococina.info\/wp-content\/uploads\/2021\/12\/ajo-212x300.png 212w, https:\/\/infococina.info\/wp-content\/uploads\/2021\/12\/ajo-768x1088.png 768w, https:\/\/infococina.info\/wp-content\/uploads\/2021\/12\/ajo-1084x1536.png 1084w, https:\/\/infococina.info\/wp-content\/uploads\/2021\/12\/ajo-680x963.png 680w, https:\/\/infococina.info\/wp-content\/uploads\/2021\/12\/ajo-480x680.png 480w, https:\/\/infococina.info\/wp-content\/uploads\/2021\/12\/ajo.png 1200w\" sizes=\"auto, (max-width: 723px) 100vw, 723px\" \/><\/a><\/figure><\/div><div class=\"sgb-item \" data-item-id=\"68\"><figure><a href=\"http:\/\/infococina.es\/wp-content\/uploads\/2021\/12\/Albahaca.png\"><img loading=\"lazy\" decoding=\"async\" width=\"723\" height=\"1024\" src=\"http:\/\/infococina.es\/wp-content\/uploads\/2021\/12\/Albahaca-723x1024.png\" alt=\"\" data-id=\"68\" data-link=\"http:\/\/infococina.es\/wp-content\/uploads\/2021\/12\/Albahaca.png\" class=\"wp-image-68\" title=\"Albahaca\" srcset=\"https:\/\/infococina.info\/wp-content\/uploads\/2021\/12\/Albahaca-723x1024.png 723w, https:\/\/infococina.info\/wp-content\/uploads\/2021\/12\/Albahaca-212x300.png 212w, https:\/\/infococina.info\/wp-content\/uploads\/2021\/12\/Albahaca-768x1088.png 768w, https:\/\/infococina.info\/wp-content\/uploads\/2021\/12\/Albahaca-1084x1536.png 1084w, https:\/\/infococina.info\/wp-content\/uploads\/2021\/12\/Albahaca-680x963.png 680w, https:\/\/infococina.info\/wp-content\/uploads\/2021\/12\/Albahaca-480x680.png 480w, https:\/\/infococina.info\/wp-content\/uploads\/2021\/12\/Albahaca.png 1200w\" sizes=\"auto, (max-width: 723px) 100vw, 723px\" \/><\/a><\/figure><\/div><div class=\"sgb-item \" data-item-id=\"69\"><figure><a href=\"http:\/\/infococina.es\/wp-content\/uploads\/2021\/12\/albaricoque.png\"><img loading=\"lazy\" decoding=\"async\" width=\"723\" height=\"1024\" src=\"http:\/\/infococina.es\/wp-content\/uploads\/2021\/12\/albaricoque-723x1024.png\" alt=\"\" data-id=\"69\" data-link=\"http:\/\/infococina.es\/wp-content\/uploads\/2021\/12\/albaricoque.png\" class=\"wp-image-69\" title=\"albaricoque\" srcset=\"https:\/\/infococina.info\/wp-content\/uploads\/2021\/12\/albaricoque-723x1024.png 723w, https:\/\/infococina.info\/wp-content\/uploads\/2021\/12\/albaricoque-212x300.png 212w, https:\/\/infococina.info\/wp-content\/uploads\/2021\/12\/albaricoque-768x1088.png 768w, https:\/\/infococina.info\/wp-content\/uploads\/2021\/12\/albaricoque-1084x1536.png 1084w, https:\/\/infococina.info\/wp-content\/uploads\/2021\/12\/albaricoque-680x963.png 680w, https:\/\/infococina.info\/wp-content\/uploads\/2021\/12\/albaricoque-480x680.png 480w, https:\/\/infococina.info\/wp-content\/uploads\/2021\/12\/albaricoque.png 1200w\" sizes=\"auto, (max-width: 723px) 100vw, 723px\" \/><\/a><\/figure><\/div><div class=\"sgb-item \" data-item-id=\"70\"><figure><a href=\"http:\/\/infococina.es\/wp-content\/uploads\/2021\/12\/alcachofa.png\"><img loading=\"lazy\" decoding=\"async\" width=\"723\" height=\"1024\" src=\"http:\/\/infococina.es\/wp-content\/uploads\/2021\/12\/alcachofa-723x1024.png\" alt=\"\" data-id=\"70\" data-link=\"http:\/\/infococina.es\/wp-content\/uploads\/2021\/12\/alcachofa.png\" class=\"wp-image-70\" title=\"alcachofa\" srcset=\"https:\/\/infococina.info\/wp-content\/uploads\/2021\/12\/alcachofa-723x1024.png 723w, https:\/\/infococina.info\/wp-content\/uploads\/2021\/12\/alcachofa-212x300.png 212w, https:\/\/infococina.info\/wp-content\/uploads\/2021\/12\/alcachofa-768x1088.png 768w, https:\/\/infococina.info\/wp-content\/uploads\/2021\/12\/alcachofa-1084x1536.png 1084w, https:\/\/infococina.info\/wp-content\/uploads\/2021\/12\/alcachofa-680x963.png 680w, https:\/\/infococina.info\/wp-content\/uploads\/2021\/12\/alcachofa-480x680.png 480w, https:\/\/infococina.info\/wp-content\/uploads\/2021\/12\/alcachofa.png 1200w\" sizes=\"auto, (max-width: 723px) 100vw, 723px\" \/><\/a><\/figure><\/div><div class=\"sgb-item \" data-item-id=\"71\"><figure><a href=\"http:\/\/infococina.es\/wp-content\/uploads\/2021\/12\/apio.png\"><img loading=\"lazy\" decoding=\"async\" width=\"723\" height=\"1024\" src=\"http:\/\/infococina.es\/wp-content\/uploads\/2021\/12\/apio-723x1024.png\" alt=\"\" data-id=\"71\" data-link=\"http:\/\/infococina.es\/wp-content\/uploads\/2021\/12\/apio.png\" class=\"wp-image-71\" title=\"apio\" srcset=\"https:\/\/infococina.info\/wp-content\/uploads\/2021\/12\/apio-723x1024.png 723w, https:\/\/infococina.info\/wp-content\/uploads\/2021\/12\/apio-212x300.png 212w, https:\/\/infococina.info\/wp-content\/uploads\/2021\/12\/apio-768x1088.png 768w, https:\/\/infococina.info\/wp-content\/uploads\/2021\/12\/apio.png 1200w\" sizes=\"auto, (max-width: 723px) 100vw, 723px\" \/><\/a><\/figure><\/div><div class=\"sgb-item \" data-item-id=\"72\"><figure><a href=\"http:\/\/infococina.es\/wp-content\/uploads\/2021\/12\/brejena.png\"><img loading=\"lazy\" decoding=\"async\" width=\"723\" height=\"1024\" src=\"http:\/\/infococina.es\/wp-content\/uploads\/2021\/12\/brejena-723x1024.png\" alt=\"\" data-id=\"72\" data-link=\"http:\/\/infococina.es\/wp-content\/uploads\/2021\/12\/brejena.png\" class=\"wp-image-72\" title=\"brejena\" srcset=\"https:\/\/infococina.info\/wp-content\/uploads\/2021\/12\/brejena-723x1024.png 723w, https:\/\/infococina.info\/wp-content\/uploads\/2021\/12\/brejena-212x300.png 212w, https:\/\/infococina.info\/wp-content\/uploads\/2021\/12\/brejena-768x1088.png 768w, https:\/\/infococina.info\/wp-content\/uploads\/2021\/12\/brejena-1084x1536.png 1084w, https:\/\/infococina.info\/wp-content\/uploads\/2021\/12\/brejena-680x963.png 680w, https:\/\/infococina.info\/wp-content\/uploads\/2021\/12\/brejena-480x680.png 480w, https:\/\/infococina.info\/wp-content\/uploads\/2021\/12\/brejena.png 1200w\" sizes=\"auto, (max-width: 723px) 100vw, 723px\" \/><\/a><\/figure><\/div><div class=\"sgb-item \" data-item-id=\"73\"><figure><a href=\"http:\/\/infococina.es\/wp-content\/uploads\/2021\/12\/brocoli.png\"><img loading=\"lazy\" decoding=\"async\" width=\"723\" height=\"1024\" src=\"http:\/\/infococina.es\/wp-content\/uploads\/2021\/12\/brocoli-723x1024.png\" alt=\"\" data-id=\"73\" data-link=\"http:\/\/infococina.es\/wp-content\/uploads\/2021\/12\/brocoli.png\" class=\"wp-image-73\" title=\"brocoli\" srcset=\"https:\/\/infococina.info\/wp-content\/uploads\/2021\/12\/brocoli-723x1024.png 723w, https:\/\/infococina.info\/wp-content\/uploads\/2021\/12\/brocoli-212x300.png 212w, https:\/\/infococina.info\/wp-content\/uploads\/2021\/12\/brocoli-768x1088.png 768w, https:\/\/infococina.info\/wp-content\/uploads\/2021\/12\/brocoli-1084x1536.png 1084w, https:\/\/infococina.info\/wp-content\/uploads\/2021\/12\/brocoli-680x963.png 680w, https:\/\/infococina.info\/wp-content\/uploads\/2021\/12\/brocoli-480x680.png 480w, https:\/\/infococina.info\/wp-content\/uploads\/2021\/12\/brocoli.png 1200w\" sizes=\"auto, (max-width: 723px) 100vw, 723px\" \/><\/a><\/figure><\/div><div class=\"sgb-item \" data-item-id=\"74\"><figure><a href=\"http:\/\/infococina.es\/wp-content\/uploads\/2021\/12\/calabacin.png\"><img loading=\"lazy\" decoding=\"async\" width=\"723\" height=\"1024\" src=\"http:\/\/infococina.es\/wp-content\/uploads\/2021\/12\/calabacin-723x1024.png\" alt=\"\" data-id=\"74\" data-link=\"http:\/\/infococina.es\/wp-content\/uploads\/2021\/12\/calabacin.png\" class=\"wp-image-74\" title=\"calabacin\" srcset=\"https:\/\/infococina.info\/wp-content\/uploads\/2021\/12\/calabacin-723x1024.png 723w, https:\/\/infococina.info\/wp-content\/uploads\/2021\/12\/calabacin-212x300.png 212w, https:\/\/infococina.info\/wp-content\/uploads\/2021\/12\/calabacin-768x1088.png 768w, https:\/\/infococina.info\/wp-content\/uploads\/2021\/12\/calabacin-1084x1536.png 1084w, https:\/\/infococina.info\/wp-content\/uploads\/2021\/12\/calabacin-680x963.png 680w, https:\/\/infococina.info\/wp-content\/uploads\/2021\/12\/calabacin-480x680.png 480w, https:\/\/infococina.info\/wp-content\/uploads\/2021\/12\/calabacin.png 1200w\" sizes=\"auto, (max-width: 723px) 100vw, 723px\" \/><\/a><\/figure><\/div><div class=\"sgb-item \" data-item-id=\"75\"><figure><a href=\"http:\/\/infococina.es\/wp-content\/uploads\/2021\/12\/calabaza.png\"><img loading=\"lazy\" decoding=\"async\" width=\"723\" height=\"1024\" src=\"http:\/\/infococina.es\/wp-content\/uploads\/2021\/12\/calabaza-723x1024.png\" alt=\"\" data-id=\"75\" data-link=\"http:\/\/infococina.es\/wp-content\/uploads\/2021\/12\/calabaza.png\" class=\"wp-image-75\" title=\"calabaza\" srcset=\"https:\/\/infococina.info\/wp-content\/uploads\/2021\/12\/calabaza-723x1024.png 723w, https:\/\/infococina.info\/wp-content\/uploads\/2021\/12\/calabaza-212x300.png 212w, https:\/\/infococina.info\/wp-content\/uploads\/2021\/12\/calabaza-768x1088.png 768w, https:\/\/infococina.info\/wp-content\/uploads\/2021\/12\/calabaza-1084x1536.png 1084w, https:\/\/infococina.info\/wp-content\/uploads\/2021\/12\/calabaza-680x963.png 680w, https:\/\/infococina.info\/wp-content\/uploads\/2021\/12\/calabaza-480x680.png 480w, https:\/\/infococina.info\/wp-content\/uploads\/2021\/12\/calabaza.png 1200w\" sizes=\"auto, (max-width: 723px) 100vw, 723px\" \/><\/a><\/figure><\/div><div class=\"sgb-item \" data-item-id=\"76\"><figure><a href=\"http:\/\/infococina.es\/wp-content\/uploads\/2021\/12\/cereza.png\"><img loading=\"lazy\" decoding=\"async\" width=\"723\" height=\"1024\" src=\"http:\/\/infococina.es\/wp-content\/uploads\/2021\/12\/cereza-723x1024.png\" alt=\"\" data-id=\"76\" data-link=\"http:\/\/infococina.es\/wp-content\/uploads\/2021\/12\/cereza.png\" class=\"wp-image-76\" title=\"cereza\" srcset=\"https:\/\/infococina.info\/wp-content\/uploads\/2021\/12\/cereza-723x1024.png 723w, https:\/\/infococina.info\/wp-content\/uploads\/2021\/12\/cereza-212x300.png 212w, https:\/\/infococina.info\/wp-content\/uploads\/2021\/12\/cereza-768x1088.png 768w, https:\/\/infococina.info\/wp-content\/uploads\/2021\/12\/cereza-1084x1536.png 1084w, https:\/\/infococina.info\/wp-content\/uploads\/2021\/12\/cereza-680x963.png 680w, https:\/\/infococina.info\/wp-content\/uploads\/2021\/12\/cereza-480x680.png 480w, https:\/\/infococina.info\/wp-content\/uploads\/2021\/12\/cereza.png 1200w\" sizes=\"auto, (max-width: 723px) 100vw, 723px\" \/><\/a><\/figure><\/div><\/div><\/div>\n\n\n\n<figure class=\"wp-block-embed is-type-video is-provider-youtube wp-block-embed-youtube wp-embed-aspect-16-9 wp-has-aspect-ratio\"><div class=\"wp-block-embed__wrapper\">\n<iframe loading=\"lazy\" title=\"\ud83d\udcddTabla nutricional, hortalizas, \ud83c\udf46 frutas y verduras, por ejemplo, Coliflor, Calabac\u00edn, parte 1\" width=\"500\" height=\"281\" src=\"https:\/\/www.youtube.com\/embed\/qqavRFVFDDc?feature=oembed\" frameborder=\"0\" allow=\"accelerometer; autoplay; clipboard-write; encrypted-media; gyroscope; picture-in-picture; web-share\" referrerpolicy=\"strict-origin-when-cross-origin\" allowfullscreen><\/iframe>\n<\/div><figcaption class=\"wp-element-caption\"><strong>Tabla nutricional, hortalizas, frutas y verduras, por ejemplo, Coliflor, Calabac\u00edn, parte 1<\/strong><\/figcaption><\/figure>\n\n\n\n<figure class=\"wp-block-embed is-type-video is-provider-youtube wp-block-embed-youtube wp-embed-aspect-16-9 wp-has-aspect-ratio\"><div class=\"wp-block-embed__wrapper\">\n<iframe loading=\"lazy\" title=\"\ud83d\udcddTabla nutricional, hortalizas, frutas y verduras, \ud83c\udf53 , Mango, lechuga, lim\u00f3n, fresa parte 2\" width=\"500\" height=\"281\" src=\"https:\/\/www.youtube.com\/embed\/OtTsO72q9ig?feature=oembed\" frameborder=\"0\" allow=\"accelerometer; autoplay; clipboard-write; encrypted-media; gyroscope; picture-in-picture; web-share\" referrerpolicy=\"strict-origin-when-cross-origin\" allowfullscreen><\/iframe>\n<\/div><figcaption class=\"wp-element-caption\"><strong>Tabla nutricional, hortalizas, frutas y verduras, por ejemplo, Mango, lechuga, lim\u00f3n, fresa parte 2<\/strong><\/figcaption><\/figure>\n","protected":false},"excerpt":{"rendered":"<p>Tabla Nutricional Alimentos todas las vitaminas, minerales,&nbsp;calor\u00edas, cada 100&nbsp;GM&nbsp;que tienen los alimentos de uso cotidiano. Si pulsas&#8230;<\/p>\n","protected":false},"author":1,"featured_media":0,"parent":0,"menu_order":0,"comment_status":"closed","ping_status":"closed","template":"","meta":{"om_disable_all_campaigns":false,"_monsterinsights_skip_tracking":false,"_monsterinsights_sitenote_active":false,"_monsterinsights_sitenote_note":"","_monsterinsights_sitenote_category":0,"_uf_show_specific_survey":0,"_uf_disable_surveys":false,"footnotes":""},"class_list":["post-61","page","type-page","status-publish","hentry"],"aioseo_notices":[],"_links":{"self":[{"href":"https:\/\/infococina.info\/index.php\/wp-json\/wp\/v2\/pages\/61","targetHints":{"allow":["GET"]}}],"collection":[{"href":"https:\/\/infococina.info\/index.php\/wp-json\/wp\/v2\/pages"}],"about":[{"href":"https:\/\/infococina.info\/index.php\/wp-json\/wp\/v2\/types\/page"}],"author":[{"embeddable":true,"href":"https:\/\/infococina.info\/index.php\/wp-json\/wp\/v2\/users\/1"}],"replies":[{"embeddable":true,"href":"https:\/\/infococina.info\/index.php\/wp-json\/wp\/v2\/comments?post=61"}],"version-history":[{"count":0,"href":"https:\/\/infococina.info\/index.php\/wp-json\/wp\/v2\/pages\/61\/revisions"}],"wp:attachment":[{"href":"https:\/\/infococina.info\/index.php\/wp-json\/wp\/v2\/media?parent=61"}],"curies":[{"name":"wp","href":"https:\/\/api.w.org\/{rel}","templated":true}]}}