{"id":684,"date":"2021-12-03T12:39:13","date_gmt":"2021-12-03T12:39:13","guid":{"rendered":"http:\/\/infococina.es\/?page_id=2"},"modified":"2021-12-03T12:39:13","modified_gmt":"2021-12-03T12:39:13","slug":"sample-page","status":"publish","type":"page","link":"https:\/\/infococina.info\/index.php\/sample-page\/","title":{"rendered":"Informaci\u00f3n Alimentos"},"content":{"rendered":"\n<h3 class=\"has-text-align-center wp-block-heading\">Informaci\u00f3n&nbsp;sobre los alimentos de la vida cotidiana, donde se cultivan de donde se extraen y&nbsp;m\u00e1s&#8230;<\/h3>\n\n\n\n<h3 class=\"has-text-align-center wp-block-heading\">Si pulsas encima de la imagen se abrir\u00e1 el formato galer\u00eda para poder navegar mejor y podr\u00e1s compartir con tus amigos, y bajarlas <\/h3>\n\n\n\n<h3 class=\"has-text-align-center wp-block-heading\">(Bot\u00f3n desecho sobre la imagen y guardar imagen como.) o crear tus fichas en im\u00e1genes.<\/h3>\n\n\n\n<hr class=\"wp-block-separator has-css-opacity\"\/>\n\n\n\n<div class=\"wp-block-pgcsimplygalleryblock-slider simpLy-gallery-freedom-block\" data-gallery-id=\"simpLy\"><div class=\"sgb-gallery\"><div class=\"sgb-item \" data-item-id=\"21\"><figure><a href=\"http:\/\/infococina.es\/wp-content\/uploads\/2021\/12\/aceites.png\"><img loading=\"lazy\" decoding=\"async\" width=\"1024\" height=\"694\" src=\"http:\/\/infococina.es\/wp-content\/uploads\/2021\/12\/aceites-1024x694.png\" alt=\"\" data-id=\"21\" data-link=\"http:\/\/infococina.es\/wp-content\/uploads\/2021\/12\/aceites.png\" class=\"wp-image-21\" title=\"aceites\" srcset=\"https:\/\/infococina.info\/wp-content\/uploads\/2021\/12\/aceites-1024x694.png 1024w, https:\/\/infococina.info\/wp-content\/uploads\/2021\/12\/aceites-300x203.png 300w, https:\/\/infococina.info\/wp-content\/uploads\/2021\/12\/aceites-768x520.png 768w, https:\/\/infococina.info\/wp-content\/uploads\/2021\/12\/aceites-680x461.png 680w, https:\/\/infococina.info\/wp-content\/uploads\/2021\/12\/aceites-480x325.png 480w, https:\/\/infococina.info\/wp-content\/uploads\/2021\/12\/aceites.png 1200w\" sizes=\"auto, (max-width: 1024px) 100vw, 1024px\" \/><\/a><\/figure><\/div><div class=\"sgb-item \" data-item-id=\"24\"><figure><a href=\"http:\/\/infococina.es\/wp-content\/uploads\/2021\/12\/azucar.png\"><img loading=\"lazy\" decoding=\"async\" width=\"1024\" height=\"694\" src=\"http:\/\/infococina.es\/wp-content\/uploads\/2021\/12\/azucar-1024x694.png\" alt=\"\" data-id=\"24\" data-link=\"http:\/\/infococina.es\/wp-content\/uploads\/2021\/12\/azucar.png\" class=\"wp-image-24\" title=\"azucar\" srcset=\"https:\/\/infococina.info\/wp-content\/uploads\/2021\/12\/azucar-1024x694.png 1024w, https:\/\/infococina.info\/wp-content\/uploads\/2021\/12\/azucar-300x203.png 300w, https:\/\/infococina.info\/wp-content\/uploads\/2021\/12\/azucar-768x520.png 768w, https:\/\/infococina.info\/wp-content\/uploads\/2021\/12\/azucar-680x461.png 680w, https:\/\/infococina.info\/wp-content\/uploads\/2021\/12\/azucar-480x325.png 480w, https:\/\/infococina.info\/wp-content\/uploads\/2021\/12\/azucar.png 1200w\" sizes=\"auto, (max-width: 1024px) 100vw, 1024px\" \/><\/a><\/figure><\/div><div class=\"sgb-item \" data-item-id=\"26\"><figure><a href=\"http:\/\/infococina.es\/wp-content\/uploads\/2021\/12\/carnes.png\"><img loading=\"lazy\" decoding=\"async\" width=\"1024\" height=\"694\" src=\"http:\/\/infococina.es\/wp-content\/uploads\/2021\/12\/carnes-1024x694.png\" alt=\"\" data-id=\"26\" data-link=\"http:\/\/infococina.es\/wp-content\/uploads\/2021\/12\/carnes.png\" class=\"wp-image-26\" title=\"carnes\" srcset=\"https:\/\/infococina.info\/wp-content\/uploads\/2021\/12\/carnes-1024x694.png 1024w, https:\/\/infococina.info\/wp-content\/uploads\/2021\/12\/carnes-300x203.png 300w, https:\/\/infococina.info\/wp-content\/uploads\/2021\/12\/carnes-768x520.png 768w, https:\/\/infococina.info\/wp-content\/uploads\/2021\/12\/carnes-680x461.png 680w, https:\/\/infococina.info\/wp-content\/uploads\/2021\/12\/carnes-480x325.png 480w, https:\/\/infococina.info\/wp-content\/uploads\/2021\/12\/carnes.png 1200w\" sizes=\"auto, (max-width: 1024px) 100vw, 1024px\" \/><\/a><\/figure><\/div><div class=\"sgb-item \" data-item-id=\"27\"><figure><a href=\"http:\/\/infococina.es\/wp-content\/uploads\/2021\/12\/cereales.png\"><img loading=\"lazy\" decoding=\"async\" width=\"1024\" height=\"694\" src=\"http:\/\/infococina.es\/wp-content\/uploads\/2021\/12\/cereales-1024x694.png\" alt=\"\" data-id=\"27\" data-link=\"http:\/\/infococina.es\/wp-content\/uploads\/2021\/12\/cereales.png\" class=\"wp-image-27\" title=\"cereales\" srcset=\"https:\/\/infococina.info\/wp-content\/uploads\/2021\/12\/cereales-1024x694.png 1024w, https:\/\/infococina.info\/wp-content\/uploads\/2021\/12\/cereales-300x203.png 300w, https:\/\/infococina.info\/wp-content\/uploads\/2021\/12\/cereales-768x520.png 768w, https:\/\/infococina.info\/wp-content\/uploads\/2021\/12\/cereales-680x461.png 680w, https:\/\/infococina.info\/wp-content\/uploads\/2021\/12\/cereales-480x325.png 480w, https:\/\/infococina.info\/wp-content\/uploads\/2021\/12\/cereales.png 1200w\" sizes=\"auto, (max-width: 1024px) 100vw, 1024px\" \/><\/a><\/figure><\/div><div class=\"sgb-item \" data-item-id=\"34\"><figure><a href=\"http:\/\/infococina.es\/wp-content\/uploads\/2021\/12\/embutidos.png\"><img loading=\"lazy\" decoding=\"async\" width=\"1024\" height=\"694\" src=\"http:\/\/infococina.es\/wp-content\/uploads\/2021\/12\/embutidos-1024x694.png\" alt=\"\" data-id=\"34\" data-link=\"http:\/\/infococina.es\/wp-content\/uploads\/2021\/12\/embutidos.png\" class=\"wp-image-34\" title=\"embutidos\" srcset=\"https:\/\/infococina.info\/wp-content\/uploads\/2021\/12\/embutidos-1024x694.png 1024w, https:\/\/infococina.info\/wp-content\/uploads\/2021\/12\/embutidos-300x203.png 300w, https:\/\/infococina.info\/wp-content\/uploads\/2021\/12\/embutidos-768x520.png 768w, https:\/\/infococina.info\/wp-content\/uploads\/2021\/12\/embutidos-680x461.png 680w, https:\/\/infococina.info\/wp-content\/uploads\/2021\/12\/embutidos-480x325.png 480w, https:\/\/infococina.info\/wp-content\/uploads\/2021\/12\/embutidos.png 1200w\" sizes=\"auto, (max-width: 1024px) 100vw, 1024px\" \/><\/a><\/figure><\/div><div class=\"sgb-item \" data-item-id=\"35\"><figure><a href=\"http:\/\/infococina.es\/wp-content\/uploads\/2021\/12\/fruta.png\"><img loading=\"lazy\" decoding=\"async\" width=\"1024\" height=\"694\" src=\"http:\/\/infococina.es\/wp-content\/uploads\/2021\/12\/fruta-1024x694.png\" alt=\"\" data-id=\"35\" data-link=\"http:\/\/infococina.es\/wp-content\/uploads\/2021\/12\/fruta.png\" class=\"wp-image-35\" title=\"fruta\" srcset=\"https:\/\/infococina.info\/wp-content\/uploads\/2021\/12\/fruta-1024x694.png 1024w, https:\/\/infococina.info\/wp-content\/uploads\/2021\/12\/fruta-300x203.png 300w, https:\/\/infococina.info\/wp-content\/uploads\/2021\/12\/fruta-768x520.png 768w, https:\/\/infococina.info\/wp-content\/uploads\/2021\/12\/fruta-680x461.png 680w, https:\/\/infococina.info\/wp-content\/uploads\/2021\/12\/fruta-480x325.png 480w, https:\/\/infococina.info\/wp-content\/uploads\/2021\/12\/fruta.png 1200w\" sizes=\"auto, (max-width: 1024px) 100vw, 1024px\" \/><\/a><\/figure><\/div><div class=\"sgb-item \" data-item-id=\"37\"><figure><a href=\"http:\/\/infococina.es\/wp-content\/uploads\/2021\/12\/frutos-secos.png\"><img loading=\"lazy\" decoding=\"async\" width=\"1024\" height=\"694\" src=\"http:\/\/infococina.es\/wp-content\/uploads\/2021\/12\/frutos-secos-1024x694.png\" alt=\"\" data-id=\"37\" data-link=\"http:\/\/infococina.es\/wp-content\/uploads\/2021\/12\/frutos-secos.png\" class=\"wp-image-37\" title=\"frutos secos\" srcset=\"https:\/\/infococina.info\/wp-content\/uploads\/2021\/12\/frutos-secos-1024x694.png 1024w, https:\/\/infococina.info\/wp-content\/uploads\/2021\/12\/frutos-secos-300x203.png 300w, https:\/\/infococina.info\/wp-content\/uploads\/2021\/12\/frutos-secos-768x520.png 768w, https:\/\/infococina.info\/wp-content\/uploads\/2021\/12\/frutos-secos-680x461.png 680w, https:\/\/infococina.info\/wp-content\/uploads\/2021\/12\/frutos-secos-480x325.png 480w, https:\/\/infococina.info\/wp-content\/uploads\/2021\/12\/frutos-secos.png 1200w\" sizes=\"auto, (max-width: 1024px) 100vw, 1024px\" \/><\/a><\/figure><\/div><div class=\"sgb-item \" data-item-id=\"38\"><figure><a href=\"http:\/\/infococina.es\/wp-content\/uploads\/2021\/12\/hortalizas.png\"><img loading=\"lazy\" decoding=\"async\" width=\"1024\" height=\"694\" src=\"http:\/\/infococina.es\/wp-content\/uploads\/2021\/12\/hortalizas-1024x694.png\" alt=\"\" data-id=\"38\" data-link=\"http:\/\/infococina.es\/wp-content\/uploads\/2021\/12\/hortalizas.png\" class=\"wp-image-38\" title=\"hortalizas\" srcset=\"https:\/\/infococina.info\/wp-content\/uploads\/2021\/12\/hortalizas-1024x694.png 1024w, https:\/\/infococina.info\/wp-content\/uploads\/2021\/12\/hortalizas-300x203.png 300w, https:\/\/infococina.info\/wp-content\/uploads\/2021\/12\/hortalizas-768x520.png 768w, https:\/\/infococina.info\/wp-content\/uploads\/2021\/12\/hortalizas-680x461.png 680w, https:\/\/infococina.info\/wp-content\/uploads\/2021\/12\/hortalizas-480x325.png 480w, https:\/\/infococina.info\/wp-content\/uploads\/2021\/12\/hortalizas.png 1200w\" sizes=\"auto, (max-width: 1024px) 100vw, 1024px\" \/><\/a><\/figure><\/div><div class=\"sgb-item \" data-item-id=\"39\"><figure><a href=\"http:\/\/infococina.es\/wp-content\/uploads\/2021\/12\/huevo.png\"><img loading=\"lazy\" decoding=\"async\" width=\"1024\" height=\"694\" src=\"http:\/\/infococina.es\/wp-content\/uploads\/2021\/12\/huevo-1024x694.png\" alt=\"\" data-id=\"39\" data-link=\"http:\/\/infococina.es\/wp-content\/uploads\/2021\/12\/huevo.png\" class=\"wp-image-39\" title=\"huevo\" srcset=\"https:\/\/infococina.info\/wp-content\/uploads\/2021\/12\/huevo-1024x694.png 1024w, https:\/\/infococina.info\/wp-content\/uploads\/2021\/12\/huevo-300x203.png 300w, https:\/\/infococina.info\/wp-content\/uploads\/2021\/12\/huevo-768x520.png 768w, https:\/\/infococina.info\/wp-content\/uploads\/2021\/12\/huevo-680x461.png 680w, https:\/\/infococina.info\/wp-content\/uploads\/2021\/12\/huevo-480x325.png 480w, https:\/\/infococina.info\/wp-content\/uploads\/2021\/12\/huevo.png 1200w\" sizes=\"auto, (max-width: 1024px) 100vw, 1024px\" \/><\/a><\/figure><\/div><div class=\"sgb-item \" data-item-id=\"40\"><figure><a href=\"http:\/\/infococina.es\/wp-content\/uploads\/2021\/12\/lacteos.png\"><img loading=\"lazy\" decoding=\"async\" width=\"1024\" height=\"694\" src=\"http:\/\/infococina.es\/wp-content\/uploads\/2021\/12\/lacteos-1024x694.png\" alt=\"\" data-id=\"40\" data-link=\"http:\/\/infococina.es\/wp-content\/uploads\/2021\/12\/lacteos.png\" class=\"wp-image-40\" title=\"lacteos\" srcset=\"https:\/\/infococina.info\/wp-content\/uploads\/2021\/12\/lacteos-1024x694.png 1024w, https:\/\/infococina.info\/wp-content\/uploads\/2021\/12\/lacteos-300x203.png 300w, https:\/\/infococina.info\/wp-content\/uploads\/2021\/12\/lacteos-768x520.png 768w, https:\/\/infococina.info\/wp-content\/uploads\/2021\/12\/lacteos-680x461.png 680w, https:\/\/infococina.info\/wp-content\/uploads\/2021\/12\/lacteos-480x325.png 480w, https:\/\/infococina.info\/wp-content\/uploads\/2021\/12\/lacteos.png 1200w\" sizes=\"auto, (max-width: 1024px) 100vw, 1024px\" \/><\/a><\/figure><\/div><div class=\"sgb-item \" data-item-id=\"41\"><figure><a href=\"http:\/\/infococina.es\/wp-content\/uploads\/2021\/12\/legumbres.png\"><img loading=\"lazy\" decoding=\"async\" width=\"1024\" height=\"694\" src=\"http:\/\/infococina.es\/wp-content\/uploads\/2021\/12\/legumbres-1024x694.png\" alt=\"\" data-id=\"41\" data-link=\"http:\/\/infococina.es\/wp-content\/uploads\/2021\/12\/legumbres.png\" class=\"wp-image-41\" title=\"legumbres\" srcset=\"https:\/\/infococina.info\/wp-content\/uploads\/2021\/12\/legumbres-1024x694.png 1024w, https:\/\/infococina.info\/wp-content\/uploads\/2021\/12\/legumbres-300x203.png 300w, https:\/\/infococina.info\/wp-content\/uploads\/2021\/12\/legumbres-768x520.png 768w, https:\/\/infococina.info\/wp-content\/uploads\/2021\/12\/legumbres-680x461.png 680w, https:\/\/infococina.info\/wp-content\/uploads\/2021\/12\/legumbres-480x325.png 480w, https:\/\/infococina.info\/wp-content\/uploads\/2021\/12\/legumbres.png 1200w\" sizes=\"auto, (max-width: 1024px) 100vw, 1024px\" \/><\/a><\/figure><\/div><div class=\"sgb-item \" data-item-id=\"42\"><figure><a href=\"http:\/\/infococina.es\/wp-content\/uploads\/2021\/12\/mariscos.png\"><img loading=\"lazy\" decoding=\"async\" width=\"1024\" height=\"694\" src=\"http:\/\/infococina.es\/wp-content\/uploads\/2021\/12\/mariscos-1024x694.png\" alt=\"\" data-id=\"42\" data-link=\"http:\/\/infococina.es\/wp-content\/uploads\/2021\/12\/mariscos.png\" class=\"wp-image-42\" title=\"mariscos\" srcset=\"https:\/\/infococina.info\/wp-content\/uploads\/2021\/12\/mariscos-1024x694.png 1024w, https:\/\/infococina.info\/wp-content\/uploads\/2021\/12\/mariscos-300x203.png 300w, https:\/\/infococina.info\/wp-content\/uploads\/2021\/12\/mariscos-768x520.png 768w, https:\/\/infococina.info\/wp-content\/uploads\/2021\/12\/mariscos-680x461.png 680w, https:\/\/infococina.info\/wp-content\/uploads\/2021\/12\/mariscos-480x325.png 480w, https:\/\/infococina.info\/wp-content\/uploads\/2021\/12\/mariscos.png 1200w\" sizes=\"auto, (max-width: 1024px) 100vw, 1024px\" \/><\/a><\/figure><\/div><div class=\"sgb-item \" data-item-id=\"43\"><figure><a href=\"http:\/\/infococina.es\/wp-content\/uploads\/2021\/12\/pastas.png\"><img loading=\"lazy\" decoding=\"async\" width=\"1024\" height=\"694\" src=\"http:\/\/infococina.es\/wp-content\/uploads\/2021\/12\/pastas-1024x694.png\" alt=\"\" data-id=\"43\" data-link=\"http:\/\/infococina.es\/wp-content\/uploads\/2021\/12\/pastas.png\" class=\"wp-image-43\" title=\"pastas\" srcset=\"https:\/\/infococina.info\/wp-content\/uploads\/2021\/12\/pastas-1024x694.png 1024w, https:\/\/infococina.info\/wp-content\/uploads\/2021\/12\/pastas-300x203.png 300w, https:\/\/infococina.info\/wp-content\/uploads\/2021\/12\/pastas-768x520.png 768w, https:\/\/infococina.info\/wp-content\/uploads\/2021\/12\/pastas-680x461.png 680w, https:\/\/infococina.info\/wp-content\/uploads\/2021\/12\/pastas-480x325.png 480w, https:\/\/infococina.info\/wp-content\/uploads\/2021\/12\/pastas.png 1200w\" sizes=\"auto, (max-width: 1024px) 100vw, 1024px\" \/><\/a><\/figure><\/div><div class=\"sgb-item \" data-item-id=\"44\"><figure><a href=\"http:\/\/infococina.es\/wp-content\/uploads\/2021\/12\/pescados.png\"><img loading=\"lazy\" decoding=\"async\" width=\"1024\" height=\"694\" src=\"http:\/\/infococina.es\/wp-content\/uploads\/2021\/12\/pescados-1024x694.png\" alt=\"\" data-id=\"44\" data-link=\"http:\/\/infococina.es\/wp-content\/uploads\/2021\/12\/pescados.png\" class=\"wp-image-44\" title=\"pescados\" srcset=\"https:\/\/infococina.info\/wp-content\/uploads\/2021\/12\/pescados-1024x694.png 1024w, https:\/\/infococina.info\/wp-content\/uploads\/2021\/12\/pescados-300x203.png 300w, https:\/\/infococina.info\/wp-content\/uploads\/2021\/12\/pescados-768x520.png 768w, https:\/\/infococina.info\/wp-content\/uploads\/2021\/12\/pescados-680x461.png 680w, https:\/\/infococina.info\/wp-content\/uploads\/2021\/12\/pescados-480x325.png 480w, https:\/\/infococina.info\/wp-content\/uploads\/2021\/12\/pescados.png 1200w\" sizes=\"auto, (max-width: 1024px) 100vw, 1024px\" \/><\/a><\/figure><\/div><div class=\"sgb-item \" data-item-id=\"45\"><figure><a href=\"http:\/\/infococina.es\/wp-content\/uploads\/2021\/12\/verduras.png\"><img loading=\"lazy\" decoding=\"async\" width=\"1024\" height=\"694\" src=\"http:\/\/infococina.es\/wp-content\/uploads\/2021\/12\/verduras-1024x694.png\" alt=\"\" data-id=\"45\" data-link=\"http:\/\/infococina.es\/wp-content\/uploads\/2021\/12\/verduras.png\" class=\"wp-image-45\" title=\"verduras\" srcset=\"https:\/\/infococina.info\/wp-content\/uploads\/2021\/12\/verduras-1024x694.png 1024w, https:\/\/infococina.info\/wp-content\/uploads\/2021\/12\/verduras-300x203.png 300w, https:\/\/infococina.info\/wp-content\/uploads\/2021\/12\/verduras-768x520.png 768w, https:\/\/infococina.info\/wp-content\/uploads\/2021\/12\/verduras-680x461.png 680w, https:\/\/infococina.info\/wp-content\/uploads\/2021\/12\/verduras-480x325.png 480w, https:\/\/infococina.info\/wp-content\/uploads\/2021\/12\/verduras.png 1200w\" sizes=\"auto, (max-width: 1024px) 100vw, 1024px\" \/><\/a><\/figure><\/div><\/div><\/div>\n\n\n\n<figure class=\"wp-block-embed is-type-video is-provider-youtube wp-block-embed-youtube wp-embed-aspect-16-9 wp-has-aspect-ratio\"><div class=\"wp-block-embed__wrapper\">\n<iframe loading=\"lazy\" title=\"\ud83d\udcd6Informaci\u00f3n alimentos del d\u00eda a d\u00eda, | l\u00e1cteos | az\u00facares | legumbres | aceite de oliva\u2026\" width=\"500\" height=\"281\" src=\"https:\/\/www.youtube.com\/embed\/iYZYb-PxMws?feature=oembed\" frameborder=\"0\" allow=\"accelerometer; autoplay; clipboard-write; encrypted-media; gyroscope; picture-in-picture; web-share\" referrerpolicy=\"strict-origin-when-cross-origin\" allowfullscreen><\/iframe>\n<\/div><\/figure>\n","protected":false},"excerpt":{"rendered":"<p>Informaci\u00f3n&nbsp;sobre los alimentos de la vida cotidiana, donde se cultivan de donde se extraen y&nbsp;m\u00e1s&#8230; Si pulsas&#8230;<\/p>\n","protected":false},"author":1,"featured_media":0,"parent":0,"menu_order":0,"comment_status":"closed","ping_status":"open","template":"","meta":{"om_disable_all_campaigns":false,"_monsterinsights_skip_tracking":false,"_monsterinsights_sitenote_active":false,"_monsterinsights_sitenote_note":"","_monsterinsights_sitenote_category":0,"_uf_show_specific_survey":0,"_uf_disable_surveys":false,"footnotes":""},"class_list":["post-684","page","type-page","status-publish","hentry"],"aioseo_notices":[],"_links":{"self":[{"href":"https:\/\/infococina.info\/index.php\/wp-json\/wp\/v2\/pages\/684","targetHints":{"allow":["GET"]}}],"collection":[{"href":"https:\/\/infococina.info\/index.php\/wp-json\/wp\/v2\/pages"}],"about":[{"href":"https:\/\/infococina.info\/index.php\/wp-json\/wp\/v2\/types\/page"}],"author":[{"embeddable":true,"href":"https:\/\/infococina.info\/index.php\/wp-json\/wp\/v2\/users\/1"}],"replies":[{"embeddable":true,"href":"https:\/\/infococina.info\/index.php\/wp-json\/wp\/v2\/comments?post=684"}],"version-history":[{"count":0,"href":"https:\/\/infococina.info\/index.php\/wp-json\/wp\/v2\/pages\/684\/revisions"}],"wp:attachment":[{"href":"https:\/\/infococina.info\/index.php\/wp-json\/wp\/v2\/media?parent=684"}],"curies":[{"name":"wp","href":"https:\/\/api.w.org\/{rel}","templated":true}]}}